{"id":56,"date":"2026-02-02T22:01:40","date_gmt":"2026-02-02T21:01:40","guid":{"rendered":"https:\/\/budsjettmat.no\/?page_id=56"},"modified":"2026-03-03T17:42:30","modified_gmt":"2026-03-03T16:42:30","slug":"info-pa-nett","status":"publish","type":"page","link":"https:\/\/budsjettmat.no\/index.php\/info-pa-nett\/","title":{"rendered":"Info p\u00e5 nett"},"content":{"rendered":"<p>Her finner du lenker til <strong>andre nett-steder<\/strong>.<br \/>\nDe har nyttig informasjon om mat.<br \/>\nBruk dem sammen med en hjelper.<br \/>\nKanskje dere finner noe nyttig.<\/p>\n<p>Legg merke til at lenkene <strong>f\u00f8rer deg<\/strong><br \/>\n<strong>ut av Budsjettmat<\/strong>.<br \/>\nNett-stedene blir \u00e5pnet p\u00e5:<\/p>\n<ul>\n<li>nytt fane-ark i nett-leseren din (PC\/Mac)<\/li>\n<li>ny fane p\u00e5 mobilen din<br \/>\neller nettbrettet ditt<\/li>\n<\/ul>\n<h2>Opplysnings-kontorer<\/h2>\n<p>Opplysnings-kontorene jobber for<br \/>\nbruk av norske r\u00e5varer.<br \/>\nDe har oppskrifter og<br \/>\nmye annen informasjon.<br \/>\nDe finnes for:<\/p>\n<ul>\n<li><a href=\"http:\/\/www.brodogkorn.no\/\" target=\"_blank\" rel=\"noopener\">br\u00f8d og korn<\/a><\/li>\n<li><a href=\"https:\/\/www.matprat.no\/\" target=\"_blank\" rel=\"noopener\">egg og kj\u00f8tt<\/a><\/li>\n<li><a href=\"https:\/\/www.melk.no\/\" target=\"_blank\" rel=\"noopener\">meieri-produkter<\/a><\/li>\n<li><a href=\"https:\/\/www.frukt.no\/\" target=\"_blank\" rel=\"noopener\">frukt og gr\u00f8nt<\/a><\/li>\n<li><a href=\"https:\/\/www.godfisk.no\/\" target=\"_blank\" rel=\"noopener\">fisk og sj\u00f8mat<\/a><\/li>\n<\/ul>\n<h2>Mat-spalter<\/h2>\n<h3>Billig mat<\/h3>\n<h3>Reste-mat<\/h3>\n<p><a href=\"https:\/\/budsjettmat.no\/\"><img loading=\"lazy\" decoding=\"async\" class=\"alignnone wp-image-61\" src=\"https:\/\/budsjettmat.no\/wp-content\/uploads\/2026\/02\/Hjem-Budsjettmat-300x100.png\" alt=\"Til: Hjem (startsiden)\" width=\"200\" height=\"67\" srcset=\"https:\/\/budsjettmat.no\/wp-content\/uploads\/2026\/02\/Hjem-Budsjettmat-300x100.png 300w, https:\/\/budsjettmat.no\/wp-content\/uploads\/2026\/02\/Hjem-Budsjettmat-1024x341.png 1024w, https:\/\/budsjettmat.no\/wp-content\/uploads\/2026\/02\/Hjem-Budsjettmat-768x256.png 768w, https:\/\/budsjettmat.no\/wp-content\/uploads\/2026\/02\/Hjem-Budsjettmat.png 1134w\" sizes=\"auto, (max-width: 200px) 100vw, 200px\" \/><\/a><\/p>\n","protected":false},"excerpt":{"rendered":"<p>Her finner du lenker til andre nett-steder. De har nyttig informasjon om mat. Bruk dem sammen med en hjelper. Kanskje dere finner noe nyttig. Legg merke til at lenkene f\u00f8rer deg ut av Budsjettmat. Nett-stedene blir \u00e5pnet p\u00e5: nytt fane-ark i nett-leseren din (PC\/Mac) ny fane p\u00e5 mobilen din eller nettbrettet ditt Opplysnings-kontorer Opplysnings-kontorene jobber [&hellip;]<\/p>\n","protected":false},"author":1,"featured_media":0,"parent":0,"menu_order":0,"comment_status":"closed","ping_status":"closed","template":"","meta":{"footnotes":""},"class_list":["post-56","page","type-page","status-publish","hentry"],"_links":{"self":[{"href":"https:\/\/budsjettmat.no\/index.php\/wp-json\/wp\/v2\/pages\/56","targetHints":{"allow":["GET"]}}],"collection":[{"href":"https:\/\/budsjettmat.no\/index.php\/wp-json\/wp\/v2\/pages"}],"about":[{"href":"https:\/\/budsjettmat.no\/index.php\/wp-json\/wp\/v2\/types\/page"}],"author":[{"embeddable":true,"href":"https:\/\/budsjettmat.no\/index.php\/wp-json\/wp\/v2\/users\/1"}],"replies":[{"embeddable":true,"href":"https:\/\/budsjettmat.no\/index.php\/wp-json\/wp\/v2\/comments?post=56"}],"version-history":[{"count":17,"href":"https:\/\/budsjettmat.no\/index.php\/wp-json\/wp\/v2\/pages\/56\/revisions"}],"predecessor-version":[{"id":181,"href":"https:\/\/budsjettmat.no\/index.php\/wp-json\/wp\/v2\/pages\/56\/revisions\/181"}],"wp:attachment":[{"href":"https:\/\/budsjettmat.no\/index.php\/wp-json\/wp\/v2\/media?parent=56"}],"curies":[{"name":"wp","href":"https:\/\/api.w.org\/{rel}","templated":true}]}}