{"id":17,"date":"2026-02-02T21:17:31","date_gmt":"2026-02-02T20:17:31","guid":{"rendered":"https:\/\/budsjettmat.no\/?page_id=17"},"modified":"2026-03-03T17:51:51","modified_gmt":"2026-03-03T16:51:51","slug":"hjemmeside","status":"publish","type":"page","link":"https:\/\/budsjettmat.no\/","title":{"rendered":"Hjemmeside"},"content":{"rendered":"<p>Trykk p\u00e5 en knapp for \u00e5 g\u00e5 videre:<\/p>\n<p><a href=\"https:\/\/budsjettmat.no\/index.php\/oppskrifter\/\"><img loading=\"lazy\" decoding=\"async\" class=\"alignnone wp-image-23\" src=\"https:\/\/budsjettmat.no\/wp-content\/uploads\/2026\/02\/Oppskrifter-300x200.png\" alt=\"Til: Oppskrifter\" width=\"250\" height=\"167\" srcset=\"https:\/\/budsjettmat.no\/wp-content\/uploads\/2026\/02\/Oppskrifter-300x200.png 300w, https:\/\/budsjettmat.no\/wp-content\/uploads\/2026\/02\/Oppskrifter-1024x683.png 1024w, https:\/\/budsjettmat.no\/wp-content\/uploads\/2026\/02\/Oppskrifter-768x512.png 768w, https:\/\/budsjettmat.no\/wp-content\/uploads\/2026\/02\/Oppskrifter.png 1134w\" sizes=\"auto, (max-width: 250px) 100vw, 250px\" \/><\/a> <a href=\"https:\/\/budsjettmat.no\/index.php\/spare-tips\/\"><img loading=\"lazy\" decoding=\"async\" class=\"alignnone wp-image-25\" src=\"https:\/\/budsjettmat.no\/wp-content\/uploads\/2026\/02\/Spare-tips-300x200.png\" alt=\"Til: Sparetips\" width=\"250\" height=\"167\" srcset=\"https:\/\/budsjettmat.no\/wp-content\/uploads\/2026\/02\/Spare-tips-300x200.png 300w, https:\/\/budsjettmat.no\/wp-content\/uploads\/2026\/02\/Spare-tips-1024x683.png 1024w, https:\/\/budsjettmat.no\/wp-content\/uploads\/2026\/02\/Spare-tips-768x512.png 768w, https:\/\/budsjettmat.no\/wp-content\/uploads\/2026\/02\/Spare-tips.png 1134w\" sizes=\"auto, (max-width: 250px) 100vw, 250px\" \/><\/a> <a href=\"https:\/\/budsjettmat.no\/index.php\/kjokken-hygiene\/\"><img loading=\"lazy\" decoding=\"async\" class=\"alignnone wp-image-21\" src=\"https:\/\/budsjettmat.no\/wp-content\/uploads\/2026\/02\/Hygiene-300x200.png\" alt=\"Til: Kj\u00f8kkenhygiene\" width=\"250\" height=\"167\" srcset=\"https:\/\/budsjettmat.no\/wp-content\/uploads\/2026\/02\/Hygiene-300x200.png 300w, https:\/\/budsjettmat.no\/wp-content\/uploads\/2026\/02\/Hygiene-1024x683.png 1024w, https:\/\/budsjettmat.no\/wp-content\/uploads\/2026\/02\/Hygiene-768x512.png 768w, https:\/\/budsjettmat.no\/wp-content\/uploads\/2026\/02\/Hygiene.png 1134w\" sizes=\"auto, (max-width: 250px) 100vw, 250px\" \/><\/a> <a href=\"https:\/\/budsjettmat.no\/index.php\/kosthold\/\"><img loading=\"lazy\" decoding=\"async\" class=\"alignnone wp-image-115\" src=\"https:\/\/budsjettmat.no\/wp-content\/uploads\/2026\/02\/Kosthold-300x200.png\" alt=\"Til: Kosthold\" width=\"250\" height=\"167\" srcset=\"https:\/\/budsjettmat.no\/wp-content\/uploads\/2026\/02\/Kosthold-300x200.png 300w, https:\/\/budsjettmat.no\/wp-content\/uploads\/2026\/02\/Kosthold-1024x683.png 1024w, https:\/\/budsjettmat.no\/wp-content\/uploads\/2026\/02\/Kosthold-768x512.png 768w, https:\/\/budsjettmat.no\/wp-content\/uploads\/2026\/02\/Kosthold.png 1134w\" sizes=\"auto, (max-width: 250px) 100vw, 250px\" \/><\/a> <a href=\"https:\/\/budsjettmat.no\/index.php\/apper-og-ki\/\"><img loading=\"lazy\" decoding=\"async\" class=\"alignnone wp-image-18\" src=\"https:\/\/budsjettmat.no\/wp-content\/uploads\/2026\/02\/Apper-og-KI-300x200.png\" alt=\"Til: Apper og KI\" width=\"250\" height=\"167\" srcset=\"https:\/\/budsjettmat.no\/wp-content\/uploads\/2026\/02\/Apper-og-KI-300x200.png 300w, https:\/\/budsjettmat.no\/wp-content\/uploads\/2026\/02\/Apper-og-KI-1024x683.png 1024w, https:\/\/budsjettmat.no\/wp-content\/uploads\/2026\/02\/Apper-og-KI-768x512.png 768w, https:\/\/budsjettmat.no\/wp-content\/uploads\/2026\/02\/Apper-og-KI.png 1134w\" sizes=\"auto, (max-width: 250px) 100vw, 250px\" \/><\/a> <a href=\"https:\/\/budsjettmat.no\/index.php\/smart-utstyr\/\"><img loading=\"lazy\" decoding=\"async\" class=\"alignnone wp-image-34\" src=\"https:\/\/budsjettmat.no\/wp-content\/uploads\/2026\/02\/Utstyr-300x200.png\" alt=\"Til: Smart utstyr\" width=\"250\" height=\"167\" srcset=\"https:\/\/budsjettmat.no\/wp-content\/uploads\/2026\/02\/Utstyr-300x200.png 300w, https:\/\/budsjettmat.no\/wp-content\/uploads\/2026\/02\/Utstyr-1024x683.png 1024w, https:\/\/budsjettmat.no\/wp-content\/uploads\/2026\/02\/Utstyr-768x512.png 768w, https:\/\/budsjettmat.no\/wp-content\/uploads\/2026\/02\/Utstyr.png 1134w\" sizes=\"auto, (max-width: 250px) 100vw, 250px\" \/><\/a> <a href=\"https:\/\/budsjettmat.no\/index.php\/arbeids-ark\/\"><img loading=\"lazy\" decoding=\"async\" class=\"alignnone wp-image-19\" src=\"https:\/\/budsjettmat.no\/wp-content\/uploads\/2026\/02\/Arbeidsark-300x200.png\" alt=\"Til: Arbeidsark\" width=\"250\" height=\"167\" srcset=\"https:\/\/budsjettmat.no\/wp-content\/uploads\/2026\/02\/Arbeidsark-300x200.png 300w, https:\/\/budsjettmat.no\/wp-content\/uploads\/2026\/02\/Arbeidsark-1024x683.png 1024w, https:\/\/budsjettmat.no\/wp-content\/uploads\/2026\/02\/Arbeidsark-768x512.png 768w, https:\/\/budsjettmat.no\/wp-content\/uploads\/2026\/02\/Arbeidsark.png 1134w\" sizes=\"auto, (max-width: 250px) 100vw, 250px\" \/><\/a>\u00a0<a href=\"https:\/\/budsjettmat.no\/index.php\/ord-og-begreper\/\"><img loading=\"lazy\" decoding=\"async\" class=\"alignnone wp-image-24\" src=\"https:\/\/budsjettmat.no\/wp-content\/uploads\/2026\/02\/Ord-og-begreper-300x200.png\" alt=\"Til: Ord og begreper\" width=\"250\" height=\"167\" srcset=\"https:\/\/budsjettmat.no\/wp-content\/uploads\/2026\/02\/Ord-og-begreper-300x200.png 300w, https:\/\/budsjettmat.no\/wp-content\/uploads\/2026\/02\/Ord-og-begreper-1024x683.png 1024w, https:\/\/budsjettmat.no\/wp-content\/uploads\/2026\/02\/Ord-og-begreper-768x512.png 768w, https:\/\/budsjettmat.no\/wp-content\/uploads\/2026\/02\/Ord-og-begreper.png 1134w\" sizes=\"auto, (max-width: 250px) 100vw, 250px\" \/><\/a> <a href=\"https:\/\/budsjettmat.no\/index.php\/info-pa-nett\/\"><img loading=\"lazy\" decoding=\"async\" class=\"alignnone wp-image-22\" src=\"https:\/\/budsjettmat.no\/wp-content\/uploads\/2026\/02\/Info-pa-nett-300x200.png\" alt=\"Til: Info p\u00e5 nett\" width=\"250\" height=\"167\" srcset=\"https:\/\/budsjettmat.no\/wp-content\/uploads\/2026\/02\/Info-pa-nett-300x200.png 300w, https:\/\/budsjettmat.no\/wp-content\/uploads\/2026\/02\/Info-pa-nett-1024x683.png 1024w, https:\/\/budsjettmat.no\/wp-content\/uploads\/2026\/02\/Info-pa-nett-768x512.png 768w, https:\/\/budsjettmat.no\/wp-content\/uploads\/2026\/02\/Info-pa-nett.png 1134w\" sizes=\"auto, (max-width: 250px) 100vw, 250px\" \/><\/a> <a href=\"https:\/\/budsjettmat.no\/index.php\/bruksanvisning\/\"><img loading=\"lazy\" decoding=\"async\" class=\"alignnone wp-image-195\" src=\"https:\/\/budsjettmat.no\/wp-content\/uploads\/2026\/03\/Bruksanvisning-300x200.png\" alt=\"Til: bruksanvisning\" width=\"250\" height=\"167\" srcset=\"https:\/\/budsjettmat.no\/wp-content\/uploads\/2026\/03\/Bruksanvisning-300x200.png 300w, https:\/\/budsjettmat.no\/wp-content\/uploads\/2026\/03\/Bruksanvisning-1024x683.png 1024w, https:\/\/budsjettmat.no\/wp-content\/uploads\/2026\/03\/Bruksanvisning-768x512.png 768w, https:\/\/budsjettmat.no\/wp-content\/uploads\/2026\/03\/Bruksanvisning.png 1134w\" sizes=\"auto, (max-width: 250px) 100vw, 250px\" \/><\/a><\/p>\n","protected":false},"excerpt":{"rendered":"<p>Trykk p\u00e5 en knapp for \u00e5 g\u00e5 videre: \u00a0<\/p>\n","protected":false},"author":1,"featured_media":0,"parent":0,"menu_order":0,"comment_status":"closed","ping_status":"closed","template":"","meta":{"footnotes":""},"class_list":["post-17","page","type-page","status-publish","hentry"],"_links":{"self":[{"href":"https:\/\/budsjettmat.no\/index.php\/wp-json\/wp\/v2\/pages\/17","targetHints":{"allow":["GET"]}}],"collection":[{"href":"https:\/\/budsjettmat.no\/index.php\/wp-json\/wp\/v2\/pages"}],"about":[{"href":"https:\/\/budsjettmat.no\/index.php\/wp-json\/wp\/v2\/types\/page"}],"author":[{"embeddable":true,"href":"https:\/\/budsjettmat.no\/index.php\/wp-json\/wp\/v2\/users\/1"}],"replies":[{"embeddable":true,"href":"https:\/\/budsjettmat.no\/index.php\/wp-json\/wp\/v2\/comments?post=17"}],"version-history":[{"count":23,"href":"https:\/\/budsjettmat.no\/index.php\/wp-json\/wp\/v2\/pages\/17\/revisions"}],"predecessor-version":[{"id":196,"href":"https:\/\/budsjettmat.no\/index.php\/wp-json\/wp\/v2\/pages\/17\/revisions\/196"}],"wp:attachment":[{"href":"https:\/\/budsjettmat.no\/index.php\/wp-json\/wp\/v2\/media?parent=17"}],"curies":[{"name":"wp","href":"https:\/\/api.w.org\/{rel}","templated":true}]}}