{"id":162,"date":"2026-02-19T15:49:10","date_gmt":"2026-02-19T14:49:10","guid":{"rendered":"https:\/\/budsjettmat.no\/?page_id=162"},"modified":"2026-02-28T14:25:43","modified_gmt":"2026-02-28T13:25:43","slug":"mat-og-penger","status":"publish","type":"page","link":"https:\/\/budsjettmat.no\/index.php\/mat-og-penger\/","title":{"rendered":"Mat og penger"},"content":{"rendered":"<h2>Mat-budsjett<\/h2>\n<h3>Hvorfor budsjett?<\/h3>\n<h3>Hvordan lage?<\/h3>\n<h3>Hvordan f\u00f8lge?<\/h3>\n<h2>P\u00e5 handletur<\/h2>\n<h3>Handleliste<\/h3>\n<h3>Stor eller liten butikk?<\/h3>\n<h3>Liten butikk eller bensin-stasjon<\/h3>\n<h2>Tilbud<\/h2>\n<h3>Hvordan finne p\u00e5 nettet<\/h3>\n<h3>Kj\u00f8pe mer av det som varer<\/h3>\n<h3>Lage mat av det som er p\u00e5 tilbud<\/h3>\n<h2>Dyrt eller billig?<\/h2>\n<h3>Enhetspriser<\/h3>\n<h3>Priser i alternativ butikk<\/h3>\n<h2>Den dyre fest-middagen<\/h2>\n<p>&nbsp;<\/p>\n<p><a href=\"https:\/\/budsjettmat.no\/\"><img loading=\"lazy\" decoding=\"async\" class=\"alignnone wp-image-61\" src=\"https:\/\/budsjettmat.no\/wp-content\/uploads\/2026\/02\/Hjem-Budsjettmat-300x100.png\" alt=\"Til: Hjem (startsiden)\" width=\"200\" height=\"67\" srcset=\"https:\/\/budsjettmat.no\/wp-content\/uploads\/2026\/02\/Hjem-Budsjettmat-300x100.png 300w, https:\/\/budsjettmat.no\/wp-content\/uploads\/2026\/02\/Hjem-Budsjettmat-1024x341.png 1024w, https:\/\/budsjettmat.no\/wp-content\/uploads\/2026\/02\/Hjem-Budsjettmat-768x256.png 768w, https:\/\/budsjettmat.no\/wp-content\/uploads\/2026\/02\/Hjem-Budsjettmat.png 1134w\" sizes=\"auto, (max-width: 200px) 100vw, 200px\" \/><\/a><\/p>\n","protected":false},"excerpt":{"rendered":"<p>Mat-budsjett Hvorfor budsjett? Hvordan lage? Hvordan f\u00f8lge? P\u00e5 handletur Handleliste Stor eller liten butikk? Liten butikk eller bensin-stasjon Tilbud Hvordan finne p\u00e5 nettet Kj\u00f8pe mer av det som varer Lage mat av det som er p\u00e5 tilbud Dyrt eller billig? Enhetspriser Priser i alternativ butikk Den dyre fest-middagen &nbsp;<\/p>\n","protected":false},"author":1,"featured_media":0,"parent":0,"menu_order":0,"comment_status":"closed","ping_status":"closed","template":"","meta":{"footnotes":""},"class_list":["post-162","page","type-page","status-publish","hentry"],"_links":{"self":[{"href":"https:\/\/budsjettmat.no\/index.php\/wp-json\/wp\/v2\/pages\/162","targetHints":{"allow":["GET"]}}],"collection":[{"href":"https:\/\/budsjettmat.no\/index.php\/wp-json\/wp\/v2\/pages"}],"about":[{"href":"https:\/\/budsjettmat.no\/index.php\/wp-json\/wp\/v2\/types\/page"}],"author":[{"embeddable":true,"href":"https:\/\/budsjettmat.no\/index.php\/wp-json\/wp\/v2\/users\/1"}],"replies":[{"embeddable":true,"href":"https:\/\/budsjettmat.no\/index.php\/wp-json\/wp\/v2\/comments?post=162"}],"version-history":[{"count":12,"href":"https:\/\/budsjettmat.no\/index.php\/wp-json\/wp\/v2\/pages\/162\/revisions"}],"predecessor-version":[{"id":190,"href":"https:\/\/budsjettmat.no\/index.php\/wp-json\/wp\/v2\/pages\/162\/revisions\/190"}],"wp:attachment":[{"href":"https:\/\/budsjettmat.no\/index.php\/wp-json\/wp\/v2\/media?parent=162"}],"curies":[{"name":"wp","href":"https:\/\/api.w.org\/{rel}","templated":true}]}}